{"id":82550,"date":"2026-03-19T11:48:21","date_gmt":"2026-03-19T11:48:21","guid":{"rendered":"https:\/\/elicrombrasil.com\/?post_type=product&#038;p=82550"},"modified":"2026-03-19T11:48:21","modified_gmt":"2026-03-19T11:48:21","slug":"50348-cronometro-digital-ps-80","status":"publish","type":"product","link":"https:\/\/elicrombrasil.com\/?product=50348-cronometro-digital-ps-80","title":{"rendered":"Cron\u00f3metro digital PS-80"},"content":{"rendered":"<p>Especificaciones:<\/p>\n<p>-Temporizador:<br \/>\nEl tiempo m\u00e1ximo de cuenta regresiva es de 99 horas. 59 minutos 59 segundos.<\/p>\n<p>-Unidad de sincronizaci\u00f3n m\u00ednima de medida: 1\/100 segundo.<\/p>\n<p>-Control por velocidad por pasos:<br \/>\nContador de frecuencia \/ metr\u00f3nomo.<\/p>\n<p>-Reloj:<br \/>\nTiempo del calendario (a\u00f1o, mes, d\u00eda, semana, hora. minutos, segundos)<\/p>\n<p>Caracter\u00edsticas:<br \/>\n*El cron\u00f3metro est\u00e1 dise\u00f1ado ergon\u00f3micamente para tus manos, te sentir\u00e1s c\u00f3modo y flexible cuando presiones el bot\u00f3n, antichoque.<br \/>\n*Temporizador multifunci\u00f3n: ligero, cumple con los requisitos de la mayor\u00eda de las situaciones, servicio como cron\u00f3metro, reloj, cron\u00f3grafo, se aplica a muchos deportes, f\u00fatbol, baloncesto, correr, fitness, nataci\u00f3n, b\u00e9isbol, lucha, taekwondo, etc.<br \/>\n*Pantalla grande y n\u00famero extragrande, es f\u00e1cil ver el tiempo y la grabaci\u00f3n de datos, el dise\u00f1o ergon\u00f3mico para sus manos se siente c\u00f3modo y flexible cuando presiona los botones.<\/p>\n","protected":false},"excerpt":{"rendered":"<p>Especificaciones: -Temporizador: El tiempo m\u00e1ximo de cuenta regresiva es de 99 horas. 59 minutos 59 segundos. -Unidad de sincronizaci\u00f3n m\u00ednima de medida: 1\/100 segundo. -Control por velocidad por pasos: Contador<\/p>\n","protected":false},"featured_media":82551,"comment_status":"open","ping_status":"closed","template":"","meta":{"_acf_changed":false,"om_disable_all_campaigns":false,"_monsterinsights_skip_tracking":false,"_monsterinsights_sitenote_active":false,"_monsterinsights_sitenote_note":"","_monsterinsights_sitenote_category":0},"product_brand":[],"product_cat":[2082,2074],"product_tag":[],"class_list":{"0":"post-82550","1":"product","2":"type-product","3":"status-publish","4":"has-post-thumbnail","6":"product_cat-cronmetros1_19032026114743","7":"product_cat-productos8-iso-17025","9":"first","10":"outofstock","11":"taxable","12":"shipping-taxable","13":"purchasable","14":"product-type-simple"},"acf":[],"aioseo_notices":[],"_links":{"self":[{"href":"https:\/\/elicrombrasil.com\/index.php?rest_route=\/wp\/v2\/product\/82550","targetHints":{"allow":["GET"]}}],"collection":[{"href":"https:\/\/elicrombrasil.com\/index.php?rest_route=\/wp\/v2\/product"}],"about":[{"href":"https:\/\/elicrombrasil.com\/index.php?rest_route=\/wp\/v2\/types\/product"}],"replies":[{"embeddable":true,"href":"https:\/\/elicrombrasil.com\/index.php?rest_route=%2Fwp%2Fv2%2Fcomments&post=82550"}],"wp:featuredmedia":[{"embeddable":true,"href":"https:\/\/elicrombrasil.com\/index.php?rest_route=\/wp\/v2\/media\/82551"}],"wp:attachment":[{"href":"https:\/\/elicrombrasil.com\/index.php?rest_route=%2Fwp%2Fv2%2Fmedia&parent=82550"}],"wp:term":[{"taxonomy":"product_brand","embeddable":true,"href":"https:\/\/elicrombrasil.com\/index.php?rest_route=%2Fwp%2Fv2%2Fproduct_brand&post=82550"},{"taxonomy":"product_cat","embeddable":true,"href":"https:\/\/elicrombrasil.com\/index.php?rest_route=%2Fwp%2Fv2%2Fproduct_cat&post=82550"},{"taxonomy":"product_tag","embeddable":true,"href":"https:\/\/elicrombrasil.com\/index.php?rest_route=%2Fwp%2Fv2%2Fproduct_tag&post=82550"}],"curies":[{"name":"wp","href":"https:\/\/api.w.org\/{rel}","templated":true}]}}