{"id":82522,"date":"2026-03-19T11:36:23","date_gmt":"2026-03-19T11:36:23","guid":{"rendered":"https:\/\/elicrombrasil.com\/?post_type=product&#038;p=82522"},"modified":"2026-03-19T11:36:23","modified_gmt":"2026-03-19T11:36:23","slug":"47232","status":"publish","type":"product","link":"https:\/\/elicrombrasil.com\/?product=47232","title":{"rendered":"Barotermohigr\u00f3metro, termohigr\u00f3metro"},"content":{"rendered":"<p>El Barotermohigr\u00f3metro es un equipo digital dise\u00f1ado para monitorear condiciones ambientales mediante medici\u00f3n de temperatura, humedad relativa y presi\u00f3n atmosf\u00e9rica. Cuenta con funci\u00f3n de registro de datos, alarmas y conexi\u00f3n Micro USB, ideal para laboratorios, industrias, farmacias y control ambiental.<\/p>\n<p>Medidor de monitoreo de calidad del aire y medio ambiente.<br \/>\n-Temperatura<br \/>\n-Humedad<br \/>\n-Presi\u00f3n atmosf\u00e9rica<br \/>\n-Registro de datos <\/p>\n<p>Especificaciones:<br \/>\n-Rango de Temperatura: -30 a +65 \u2103 (Sonda interna)<br \/>\n                                        -40 a +125 \u2103 (Sonda externa)<br \/>\n-Resoluci\u00f3n: 0,1 \u2103<br \/>\n-Rango de Humedad: (0 a 100) %hr<br \/>\n-Resoluci\u00f3n de Humedad: 0,1 %RH<br \/>\n-Rango de Presi\u00f3n atmosf\u00e9rica: (300 a 1100) hPa,<br \/>\n-Resoluci\u00f3n de Presi\u00f3n Atmosf\u00e9rica: 0,2 hPa<br \/>\n-Precisi\u00f3n:<br \/>\n Temperatura: \u00b1 0.3 \u00b0C (-10 \u00b0C ~ 65 \u00b0C) \/ \u00b1 0.5 \u00b0C (otros)<br \/>\n Humedad Relativa: \u00b1 0.3 %hr (10 %hr ~ 90 %hr ) \/ \u00b1 4%(otros)<br \/>\n Presi\u00f3n atmosf\u00e9rica: \u00b11hPa (Todo el rango)<\/p>\n<p>Caracter\u00edsticas:<br \/>\n-Medici\u00f3n de temperatura<br \/>\n-Medici\u00f3n de humedad relativa<br \/>\n-Medici\u00f3n de presi\u00f3n atmosf\u00e9rica<br \/>\n-Registro autom\u00e1tico de datos<br \/>\n-Almacenamiento interno de datos: 22.528 lecturas<br \/>\n-Pantalla LCD digital<br \/>\n-Alarma sonora configurable<br \/>\n-Exportaci\u00f3n de datos<br \/>\n-Resoluci\u00f3n de alta precisi\u00f3n<br \/>\n-Dise\u00f1o compacto y port\u00e1til<br \/>\n-Interface: Micro USB, DC 5 V\/2A<br \/>\n-Tama\u00f1o: 96 mm x 108 mm x 20 mm<br \/>\n-Alarma sonora<br \/>\n-Impermeable: IP20<br \/>\n-Garant\u00eda: 1 a\u00f1o por defecto de f\u00e1brica.<\/p>\n<p>*No incluye sonda*<\/p>\n","protected":false},"excerpt":{"rendered":"<p>El Barotermohigr\u00f3metro es un equipo digital dise\u00f1ado para monitorear condiciones ambientales mediante medici\u00f3n de temperatura, humedad relativa y presi\u00f3n atmosf\u00e9rica. Cuenta con funci\u00f3n de registro de datos, alarmas y conexi\u00f3n<\/p>\n","protected":false},"featured_media":82556,"comment_status":"open","ping_status":"closed","template":"","meta":{"_acf_changed":false,"om_disable_all_campaigns":false,"_monsterinsights_skip_tracking":false,"_monsterinsights_sitenote_active":false,"_monsterinsights_sitenote_note":"","_monsterinsights_sitenote_category":0},"product_brand":[],"product_cat":[2076,2074],"product_tag":[],"class_list":{"0":"post-82522","1":"product","2":"type-product","3":"status-publish","4":"has-post-thumbnail","6":"product_cat-barotermohigrmetro1_19032026113612","7":"product_cat-productos8-iso-17025","9":"first","10":"outofstock","11":"taxable","12":"shipping-taxable","13":"purchasable","14":"product-type-simple"},"acf":[],"aioseo_notices":[],"_links":{"self":[{"href":"https:\/\/elicrombrasil.com\/index.php?rest_route=\/wp\/v2\/product\/82522","targetHints":{"allow":["GET"]}}],"collection":[{"href":"https:\/\/elicrombrasil.com\/index.php?rest_route=\/wp\/v2\/product"}],"about":[{"href":"https:\/\/elicrombrasil.com\/index.php?rest_route=\/wp\/v2\/types\/product"}],"replies":[{"embeddable":true,"href":"https:\/\/elicrombrasil.com\/index.php?rest_route=%2Fwp%2Fv2%2Fcomments&post=82522"}],"wp:featuredmedia":[{"embeddable":true,"href":"https:\/\/elicrombrasil.com\/index.php?rest_route=\/wp\/v2\/media\/82556"}],"wp:attachment":[{"href":"https:\/\/elicrombrasil.com\/index.php?rest_route=%2Fwp%2Fv2%2Fmedia&parent=82522"}],"wp:term":[{"taxonomy":"product_brand","embeddable":true,"href":"https:\/\/elicrombrasil.com\/index.php?rest_route=%2Fwp%2Fv2%2Fproduct_brand&post=82522"},{"taxonomy":"product_cat","embeddable":true,"href":"https:\/\/elicrombrasil.com\/index.php?rest_route=%2Fwp%2Fv2%2Fproduct_cat&post=82522"},{"taxonomy":"product_tag","embeddable":true,"href":"https:\/\/elicrombrasil.com\/index.php?rest_route=%2Fwp%2Fv2%2Fproduct_tag&post=82522"}],"curies":[{"name":"wp","href":"https:\/\/api.w.org\/{rel}","templated":true}]}}