{"id":82370,"date":"2026-03-16T11:06:42","date_gmt":"2026-03-16T11:06:42","guid":{"rendered":"https:\/\/elicrombrasil.com\/?post_type=product&#038;p=82370"},"modified":"2026-03-16T11:06:42","modified_gmt":"2026-03-16T11:06:42","slug":"46193-pesa-100-mg-clase-e2-de-acero-inoxidable","status":"publish","type":"product","link":"https:\/\/elicrombrasil.com\/?product=46193-pesa-100-mg-clase-e2-de-acero-inoxidable","title":{"rendered":"Pesa 100 mg clase E2 de acero inoxidable"},"content":{"rendered":"<p>Especificaciones:<\/p>\n<p>-Clase: E2<br \/>\n-Capacidad: 100 mg<br \/>\n-Material: Acero Inoxidable No Magn\u00e9tico<br \/>\n-Acabado: Pulido De Espejo<br \/>\n-Instrucci\u00f3n: S\u00f3lido<br \/>\n-Forma: hoja plana<br \/>\n-Paquete: Caja De Pl\u00e1stico<\/p>\n","protected":false},"excerpt":{"rendered":"<p>Especificaciones: -Clase: E2 -Capacidad: 100 mg -Material: Acero Inoxidable No Magn\u00e9tico -Acabado: Pulido De Espejo -Instrucci\u00f3n: S\u00f3lido -Forma: hoja plana -Paquete: Caja De Pl\u00e1stico<\/p>\n","protected":false},"featured_media":82371,"comment_status":"open","ping_status":"closed","template":"","meta":{"_acf_changed":false,"om_disable_all_campaigns":false,"_monsterinsights_skip_tracking":false,"_monsterinsights_sitenote_active":false,"_monsterinsights_sitenote_note":"","_monsterinsights_sitenote_category":0},"product_brand":[],"product_cat":[],"product_tag":[],"class_list":{"0":"post-82370","1":"product","2":"type-product","3":"status-publish","4":"has-post-thumbnail","7":"first","8":"outofstock","9":"taxable","10":"shipping-taxable","11":"product-type-simple"},"acf":[],"aioseo_notices":[],"_links":{"self":[{"href":"https:\/\/elicrombrasil.com\/index.php?rest_route=\/wp\/v2\/product\/82370","targetHints":{"allow":["GET"]}}],"collection":[{"href":"https:\/\/elicrombrasil.com\/index.php?rest_route=\/wp\/v2\/product"}],"about":[{"href":"https:\/\/elicrombrasil.com\/index.php?rest_route=\/wp\/v2\/types\/product"}],"replies":[{"embeddable":true,"href":"https:\/\/elicrombrasil.com\/index.php?rest_route=%2Fwp%2Fv2%2Fcomments&post=82370"}],"wp:featuredmedia":[{"embeddable":true,"href":"https:\/\/elicrombrasil.com\/index.php?rest_route=\/wp\/v2\/media\/82371"}],"wp:attachment":[{"href":"https:\/\/elicrombrasil.com\/index.php?rest_route=%2Fwp%2Fv2%2Fmedia&parent=82370"}],"wp:term":[{"taxonomy":"product_brand","embeddable":true,"href":"https:\/\/elicrombrasil.com\/index.php?rest_route=%2Fwp%2Fv2%2Fproduct_brand&post=82370"},{"taxonomy":"product_cat","embeddable":true,"href":"https:\/\/elicrombrasil.com\/index.php?rest_route=%2Fwp%2Fv2%2Fproduct_cat&post=82370"},{"taxonomy":"product_tag","embeddable":true,"href":"https:\/\/elicrombrasil.com\/index.php?rest_route=%2Fwp%2Fv2%2Fproduct_tag&post=82370"}],"curies":[{"name":"wp","href":"https:\/\/api.w.org\/{rel}","templated":true}]}}