{"id":82278,"date":"2026-03-12T16:48:37","date_gmt":"2026-03-12T21:48:37","guid":{"rendered":"http:\/\/elicrombrasil.com\/?page_id=82278"},"modified":"2026-03-31T11:25:40","modified_gmt":"2026-03-31T16:25:40","slug":"micropipetas","status":"publish","type":"page","link":"https:\/\/elicrombrasil.com\/?page_id=82278","title":{"rendered":"Micropipetas"},"content":{"rendered":"<div class=\"vc_row wpb_row vc_row-fluid\"><div class=\"wpb_column vc_column_container vc_col-sm-12\"><div class=\"vc_column-inner\"><div class=\"wpb_wrapper\">\n\t<div class=\"wpb_text_column wpb_content_element \" >\n\t\t<div class=\"wpb_wrapper\">\n\t\t\t<p><strong><span style=\"color: #419fd2; text-align: center; font-size: 32px;\">MANUSEAMENTO DE L\u00cdQUIDOS<\/span><\/strong><br \/>\nPipetas de alta precis\u00e3o e confiabilidade, projetadas para atender aos padr\u00f5es mais exigentes de laborat\u00f3rios cl\u00ednicos, industriais e de pesquisa.<\/p>\n<p><img loading=\"lazy\" decoding=\"async\" class=\"size-medium wp-image-82578 aligncenter\" src=\"http:\/\/elicrombrasil.com\/wp-content\/uploads\/2026\/03\/micropipet-300x300.png\" alt=\"\" width=\"300\" height=\"300\" srcset=\"https:\/\/elicrombrasil.com\/wp-content\/uploads\/2026\/03\/micropipet-300x300.png 300w, https:\/\/elicrombrasil.com\/wp-content\/uploads\/2026\/03\/micropipet-1024x1024.png 1024w, https:\/\/elicrombrasil.com\/wp-content\/uploads\/2026\/03\/micropipet-150x150.png 150w, https:\/\/elicrombrasil.com\/wp-content\/uploads\/2026\/03\/micropipet-768x768.png 768w, https:\/\/elicrombrasil.com\/wp-content\/uploads\/2026\/03\/micropipet-600x600.png 600w, https:\/\/elicrombrasil.com\/wp-content\/uploads\/2026\/03\/micropipet-100x100.png 100w, https:\/\/elicrombrasil.com\/wp-content\/uploads\/2026\/03\/micropipet.png 1200w\" sizes=\"auto, (max-width: 300px) 100vw, 300px\" \/><\/p>\n<table style=\"width: 50%; margin: 5px auto; border-collapse: collapse; box-shadow: 0 3px 10px rgba(0,0,0,0.08);\" border=\"1\">\n<tbody>\n<tr style=\"background: #419fd2;\">\n<th style=\"text-align: center;\"><strong><span style=\"color: #ffffff; text-align: center; font-size: 18px;\">C\u00d3DIGO<\/span><\/strong><\/th>\n<th style=\"text-align: center;\"><strong><span style=\"color: #ffffff; text-align: center; font-size: 18px;\">VOLUME<\/span><\/strong><\/th>\n<th style=\"text-align: center;\"><strong><span style=\"color: #ffffff; text-align: center; font-size: 18px;\">TIPO<\/span><\/strong><\/th>\n<th style=\"text-align: center;\"><strong><span style=\"color: #ffffff; text-align: center; font-size: 18px;\">PVP<\/span><\/strong><\/th>\n<\/tr>\n<tr>\n<td style=\"background: #e2f6ff;\"><strong> A3009 <\/strong><\/td>\n<td style=\"text-align: center;\">10 \u00b5l<\/td>\n<td style=\"text-align: center;\">Fijo<\/td>\n<td style=\"text-align: center; color: #0f0f91;\"><strong><a href=\"https:\/\/elicrombrasil.com\/?product=60965-pipeta-mecanica-elicrom-fija-de-un-solo-canal-10-ul\"><u><span class=\"electro-price\"><\/span><\/u><\/a><\/strong><\/td>\n<\/tr>\n<tr>\n<td style=\"background: #e2f6ff;\"><strong> A3013 <\/strong><\/td>\n<td style=\"text-align: center;\">100 \u00b5l<\/td>\n<td style=\"text-align: center;\">Fijo<\/td>\n<td style=\"text-align: center; color: #0f0f91;\"><strong><a href=\"https:\/\/elicrombrasil.com\/?product=60966-pipeta-mecanica-elicrom-fija-de-un-solo-canal-100-ul\"><u><span class=\"electro-price\"><\/span><\/u><\/a><\/strong><\/td>\n<\/tr>\n<tr>\n<td style=\"background: #e2f6ff;\"><strong> A3014 <\/strong><\/td>\n<td style=\"text-align: center;\">200 \u00b5l<\/td>\n<td style=\"text-align: center;\">Fijo<\/td>\n<td style=\"text-align: center; color: #0f0f91;\"><strong><a href=\"https:\/\/elicrombrasil.com\/?product=60967-pipeta-mecanica-elicrom-fija-de-un-solo-canal-200-ul\"><u><span class=\"electro-price\"><\/span><\/u><\/a><\/strong><\/td>\n<\/tr>\n<tr>\n<td style=\"background: #e2f6ff;\"><strong> A3016 <\/strong><\/td>\n<td style=\"text-align: center;\">500 \u00b5l<\/td>\n<td style=\"text-align: center;\">Fijo<\/td>\n<td style=\"text-align: center; color: #0f0f91;\"><strong><a href=\"https:\/\/elicrombrasil.com\/?product=60968-pipeta-mecanica-elicrom-fija-de-un-solo-canal-500-ul\"><u><span class=\"electro-price\"><\/span><\/u><\/a><\/strong><\/td>\n<\/tr>\n<tr>\n<td style=\"background: #e2f6ff;\"><strong> A3017 <\/strong><\/td>\n<td style=\"text-align: center;\">1000 \u00b5l<\/td>\n<td style=\"text-align: center;\">Fijo<\/td>\n<td style=\"text-align: center; color: #0f0f91;\"><strong><a href=\"https:\/\/elicrombrasil.com\/?product=60959-pipeta-mecanica-elicrom-fija-de-un-solo-canal--1000-ul\"><u><span class=\"electro-price\"><\/span><\/u><\/a><\/strong><\/td>\n<\/tr>\n<tr>\n<td style=\"background: #e2f6ff;\"><strong> A3018 <\/strong><\/td>\n<td style=\"text-align: center;\">2000 \u00b5l<\/td>\n<td style=\"text-align: center;\">Fijo<\/td>\n<td style=\"text-align: center; color: #0f0f91;\"><strong><a href=\"https:\/\/elicrombrasil.com\/?product=60969-pipeta-mecanica-elicrom-fija-de-un-solo-canal--2000-ul\"><u><span class=\"electro-price\"><\/span><\/u><\/a><\/strong><\/td>\n<\/tr>\n<tr>\n<td style=\"background: #e2f6ff;\"><strong> A3020 <\/strong><\/td>\n<td style=\"text-align: center;\">5000 \u00b5l<\/td>\n<td style=\"text-align: center;\">Fijo<\/td>\n<td style=\"text-align: center; color: #0f0f91;\"><strong><a href=\"https:\/\/elicrombrasil.com\/?product=60970-pipeta-mecanica-elicrom-fija-de-un-solo-canal--5000-ul\"><u><span class=\"electro-price\"><\/span><\/u><\/a><\/strong><\/td>\n<\/tr>\n<tr>\n<td style=\"background: #e2f6ff;\"><strong> A3022 <\/strong><\/td>\n<td style=\"text-align: center;\">0.5 &#8211; 10 \u00b5l<\/td>\n<td style=\"text-align: center;\">Variable<\/td>\n<td style=\"text-align: center; color: #0f0f91;\"><strong><a href=\"https:\/\/elicrombrasil.com\/?product=60798-pipeta-mecanica-elicrom-variable-de-0-5-a-10ul\"><u><span class=\"electro-price\"><span class=\"woocs_price_code\" data-currency=\"\" data-redraw-id=\"6a0752b213ca4\"  data-product-id=\"82433\"><span class=\"woocommerce-Price-amount amount\"><bdi><span class=\"woocommerce-Price-currencySymbol\">&#82;&#36;<\/span>&nbsp;453.39<\/bdi><\/span><\/span><\/span><\/u><\/a><\/strong><\/td>\n<\/tr>\n<tr>\n<td style=\"background: #e2f6ff;\"><strong> A3024 <\/strong><\/td>\n<td style=\"text-align: center;\">5 &#8211; 50 \u00b5l<\/td>\n<td style=\"text-align: center;\">Variable<\/td>\n<td style=\"text-align: center; color: #0f0f91;\"><strong><a href=\"https:\/\/elicrombrasil.com\/?product=60971-pipeta-mecanica-elicrom-variable-de-5-a-50ul\"><u><span class=\"electro-price\"><span class=\"woocs_price_code\" data-currency=\"\" data-redraw-id=\"6a0752b214894\"  data-product-id=\"82435\"><span class=\"woocommerce-Price-amount amount\"><bdi><span class=\"woocommerce-Price-currencySymbol\">&#82;&#36;<\/span>&nbsp;395.49<\/bdi><\/span><\/span><\/span><\/u><\/a><\/strong><\/td>\n<\/tr>\n<tr>\n<td style=\"background: #e2f6ff;\"><strong> A3025 <\/strong><\/td>\n<td style=\"text-align: center;\">10 &#8211; 100 \u00b5l<\/td>\n<td style=\"text-align: center;\">Variable<\/td>\n<td style=\"text-align: center; color: #0f0f91;\"><strong><a href=\"https:\/\/elicrombrasil.com\/?product=60800-pipeta-mecanica-elicrom-variable-de-10-a-100ul\"><u><span class=\"electro-price\"><span class=\"woocs_price_code\" data-currency=\"\" data-redraw-id=\"6a0752b215459\"  data-product-id=\"82437\"><span class=\"woocommerce-Price-amount amount\"><bdi><span class=\"woocommerce-Price-currencySymbol\">&#82;&#36;<\/span>&nbsp;395.49<\/bdi><\/span><\/span><\/span><\/u><\/a><\/strong><\/td>\n<\/tr>\n<tr>\n<td style=\"background: #e2f6ff;\"><strong> A3027 <\/strong><\/td>\n<td style=\"text-align: center;\">50 &#8211; 200 \u00b5l<\/td>\n<td style=\"text-align: center;\">Variable<\/td>\n<td style=\"text-align: center; color: #0f0f91;\"><strong><a href=\"https:\/\/elicrombrasil.com\/?product=60972-pipeta-mecanica-elicrom-variable-de-50-a-200ul\"><u><span class=\"electro-price\"><span class=\"woocs_price_code\" data-currency=\"\" data-redraw-id=\"6a0752b216011\"  data-product-id=\"82439\"><span class=\"woocommerce-Price-amount amount\"><bdi><span class=\"woocommerce-Price-currencySymbol\">&#82;&#36;<\/span>&nbsp;338.68<\/bdi><\/span><\/span><\/span><\/u><\/a><\/strong><\/td>\n<\/tr>\n<tr>\n<td style=\"background: #e2f6ff;\"><strong> A3028 <\/strong><\/td>\n<td style=\"text-align: center;\">100 &#8211; 1000 \u00b5l<\/td>\n<td style=\"text-align: center;\">Variable<\/td>\n<td style=\"text-align: center; color: #0f0f91;\"><strong><a href=\"https:\/\/elicrombrasil.com\/?product=60801-pipeta-mecanica-elicrom-variable-de-100-a-1000ul\"><u><span class=\"electro-price\"><span class=\"woocs_price_code\" data-currency=\"\" data-redraw-id=\"6a0752b216ba1\"  data-product-id=\"82441\"><span class=\"woocommerce-Price-amount amount\"><bdi><span class=\"woocommerce-Price-currencySymbol\">&#82;&#36;<\/span>&nbsp;338.68<\/bdi><\/span><\/span><\/span><\/u><\/a><\/strong><\/td>\n<\/tr>\n<tr>\n<td style=\"background: #e2f6ff;\"><strong> A3030 <\/strong><\/td>\n<td style=\"text-align: center;\">1000 &#8211; 5000 \u00b5l<\/td>\n<td style=\"text-align: center;\">Variable<\/td>\n<td style=\"text-align: center; color: #0f0f91;\"><strong><a href=\"https:\/\/elicrombrasil.com\/?product=60636-pipeta-mecanica-elicrom-variable-de-1000-a-5000ul\"><u><span class=\"electro-price\"><span class=\"woocs_price_code\" data-currency=\"\" data-redraw-id=\"6a0752b21776c\"  data-product-id=\"82443\"><span class=\"woocommerce-Price-amount amount\"><bdi><span class=\"woocommerce-Price-currencySymbol\">&#82;&#36;<\/span>&nbsp;338.68<\/bdi><\/span><\/span><\/span><\/u><\/a><\/strong><\/td>\n<\/tr>\n<\/tbody>\n<\/table>\n\n\t\t<\/div>\n\t<\/div>\n<\/div><\/div><\/div><\/div><div class=\"vc_row wpb_row vc_row-fluid\"><div class=\"wpb_column vc_column_container vc_col-sm-12\"><div class=\"vc_column-inner\"><div class=\"wpb_wrapper\">\n\t<div class=\"wpb_raw_code wpb_raw_js\" >\n\t\t<div class=\"wpb_wrapper\">\n\t\t\t<script>\njQuery(function($){\n\n    \/\/ abrir men\u00fa principal\n    $('.departments-menu-v2 > .dropdown')\n        .addClass('open')\n        .children('.dropdown-menu')\n        .addClass('show');\n\n    \/\/ CLAVE: eliminar display:none inline\n    $('.departments-menu-v2 .sub-menu').removeAttr('style');\n\n});\n<\/script>\n\t\t<\/div>\n\t<\/div>\n<\/div><\/div><\/div><\/div>\n","protected":false},"excerpt":{"rendered":"MANUSEAMENTO DE L\u00cdQUIDOS Pipetas de alta precis\u00e3o e confiabilidade, projetadas para atender aos padr\u00f5es mais exigentes de laborat\u00f3rios cl\u00ednicos, industriais e de pesquisa. C\u00d3DIGO VOLUME TIPO PVP A3009 10 \u00b5l","protected":false},"author":3,"featured_media":0,"parent":0,"menu_order":0,"comment_status":"closed","ping_status":"closed","template":"template-page-sidebar-left.php","meta":{"_acf_changed":false,"om_disable_all_campaigns":false,"_monsterinsights_skip_tracking":false,"_monsterinsights_sitenote_active":false,"_monsterinsights_sitenote_note":"","_monsterinsights_sitenote_category":0,"footnotes":""},"class_list":["post-82278","page","type-page","status-publish","hentry"],"acf":[],"aioseo_notices":[],"_links":{"self":[{"href":"https:\/\/elicrombrasil.com\/index.php?rest_route=\/wp\/v2\/pages\/82278","targetHints":{"allow":["GET"]}}],"collection":[{"href":"https:\/\/elicrombrasil.com\/index.php?rest_route=\/wp\/v2\/pages"}],"about":[{"href":"https:\/\/elicrombrasil.com\/index.php?rest_route=\/wp\/v2\/types\/page"}],"author":[{"embeddable":true,"href":"https:\/\/elicrombrasil.com\/index.php?rest_route=\/wp\/v2\/users\/3"}],"replies":[{"embeddable":true,"href":"https:\/\/elicrombrasil.com\/index.php?rest_route=%2Fwp%2Fv2%2Fcomments&post=82278"}],"version-history":[{"count":8,"href":"https:\/\/elicrombrasil.com\/index.php?rest_route=\/wp\/v2\/pages\/82278\/revisions"}],"predecessor-version":[{"id":82620,"href":"https:\/\/elicrombrasil.com\/index.php?rest_route=\/wp\/v2\/pages\/82278\/revisions\/82620"}],"wp:attachment":[{"href":"https:\/\/elicrombrasil.com\/index.php?rest_route=%2Fwp%2Fv2%2Fmedia&parent=82278"}],"curies":[{"name":"wp","href":"https:\/\/api.w.org\/{rel}","templated":true}]}}