{"id":82272,"date":"2026-03-12T16:46:43","date_gmt":"2026-03-12T21:46:43","guid":{"rendered":"http:\/\/elicrombrasil.com\/?page_id=82272"},"modified":"2026-05-06T09:21:58","modified_gmt":"2026-05-06T14:21:58","slug":"termohigrometros","status":"publish","type":"page","link":"https:\/\/elicrombrasil.com\/?page_id=82272","title":{"rendered":"Termohigr\u00f4metros"},"content":{"rendered":"<div class=\"vc_row wpb_row vc_row-fluid\"><div class=\"wpb_column vc_column_container vc_col-sm-12\"><div class=\"vc_column-inner\"><div class=\"wpb_wrapper\">\n\t<div class=\"wpb_text_column wpb_content_element \" >\n\t\t<div class=\"wpb_wrapper\">\n\t\t\t<p><strong><span style=\"color: #419fd2; text-align: center; font-size: 32px;\">TEMPERATURA E HUMIDADE<\/span><\/strong><br \/>\nTermohigr\u00f4metros certificados pela ISO 17025, acreditados pelo Servi\u00e7o de Acredita\u00e7\u00e3o Equatoriano SAE e pela A2LA dos Estados Unidos da Am\u00e9rica, calibrados nos pontos: Umidade Relativa (30 %hr, 50 %hr e 75 %hr) a uma temperatura fixa de 23\u00b0C.<\/p>\n<table class=\"tabla-catalogo\">\n<tbody>\n<tr>\n<td>\r\n<div class=\"card-catalogo\">\r\n\r\n<a href=\"https:\/\/elicrombrasil.com\/?product=54072\" class=\"producto-nombre\">TH0513<\/a>\r\n\r\n<a href=\"https:\/\/elicrombrasil.com\/?product=54072\" class=\"producto-imagen\">\r\n<img loading=\"lazy\" decoding=\"async\" width=\"300\" height=\"300\" src=\"https:\/\/elicrombrasil.com\/wp-content\/uploads\/2026\/03\/54072-0-300x300.png\" class=\"attachment-medium size-medium wp-post-image\" alt=\"\" srcset=\"https:\/\/elicrombrasil.com\/wp-content\/uploads\/2026\/03\/54072-0-300x300.png 300w, https:\/\/elicrombrasil.com\/wp-content\/uploads\/2026\/03\/54072-0-150x150.png 150w, https:\/\/elicrombrasil.com\/wp-content\/uploads\/2026\/03\/54072-0-768x768.png 768w, https:\/\/elicrombrasil.com\/wp-content\/uploads\/2026\/03\/54072-0-600x600.png 600w, https:\/\/elicrombrasil.com\/wp-content\/uploads\/2026\/03\/54072-0-100x100.png 100w, https:\/\/elicrombrasil.com\/wp-content\/uploads\/2026\/03\/54072-0.png 800w\" sizes=\"auto, (max-width: 300px) 100vw, 300px\" \/>\r\n<\/a>\r\n\r\n<a href=\"https:\/\/elicrombrasil.com\/?product=54072\" class=\"producto-precio\"><span class=\"electro-price\"><span class=\"woocs_price_code\" data-currency=\"\" data-redraw-id=\"6a07470d68315\"  data-product-id=\"82453\"><span class=\"woocommerce-Price-amount amount\"><bdi><span class=\"woocommerce-Price-currencySymbol\">&#82;&#36;<\/span>&nbsp;180.26<\/bdi><\/span><\/span><\/span><\/a>\r\n\r\n<a href=\"?add-to-cart=82453\" \r\nclass=\"button add_to_cart_button ajax_add_to_cart\"\r\ndata-product_id=\"82453\"\r\ndata-quantity=\"1\">\r\nA\u00f1adir al carrito\r\n<\/a>\r\n\r\n<\/div>\r\n<\/td>\n<td>\r\n<div class=\"card-catalogo\">\r\n\r\n<a href=\"https:\/\/elicrombrasil.com\/?product=27414\" class=\"producto-nombre\">TH0511<\/a>\r\n\r\n<a href=\"https:\/\/elicrombrasil.com\/?product=27414\" class=\"producto-imagen\">\r\n<img loading=\"lazy\" decoding=\"async\" width=\"300\" height=\"300\" src=\"https:\/\/elicrombrasil.com\/wp-content\/uploads\/2026\/03\/27414-0-300x300.png\" class=\"attachment-medium size-medium wp-post-image\" alt=\"\" srcset=\"https:\/\/elicrombrasil.com\/wp-content\/uploads\/2026\/03\/27414-0-300x300.png 300w, https:\/\/elicrombrasil.com\/wp-content\/uploads\/2026\/03\/27414-0-150x150.png 150w, https:\/\/elicrombrasil.com\/wp-content\/uploads\/2026\/03\/27414-0-768x768.png 768w, https:\/\/elicrombrasil.com\/wp-content\/uploads\/2026\/03\/27414-0-600x600.png 600w, https:\/\/elicrombrasil.com\/wp-content\/uploads\/2026\/03\/27414-0-100x100.png 100w, https:\/\/elicrombrasil.com\/wp-content\/uploads\/2026\/03\/27414-0.png 800w\" sizes=\"auto, (max-width: 300px) 100vw, 300px\" \/>\r\n<\/a>\r\n\r\n<a href=\"https:\/\/elicrombrasil.com\/?product=27414\" class=\"producto-precio\"><span class=\"electro-price\"><span class=\"woocs_price_code\" data-currency=\"\" data-redraw-id=\"6a07470d6959d\"  data-product-id=\"82455\"><span class=\"woocommerce-Price-amount amount\"><bdi><span class=\"woocommerce-Price-currencySymbol\">&#82;&#36;<\/span>&nbsp;206.48<\/bdi><\/span><\/span><\/span><\/a>\r\n\r\n<a href=\"?add-to-cart=82455\" \r\nclass=\"button add_to_cart_button ajax_add_to_cart\"\r\ndata-product_id=\"82455\"\r\ndata-quantity=\"1\">\r\nA\u00f1adir al carrito\r\n<\/a>\r\n\r\n<\/div>\r\n<\/td>\n<td>\r\n<div class=\"card-catalogo\">\r\n\r\n<a href=\"https:\/\/elicrombrasil.com\/?product=54498\" class=\"producto-nombre\">TP50<\/a>\r\n\r\n<a href=\"https:\/\/elicrombrasil.com\/?product=54498\" class=\"producto-imagen\">\r\n<img loading=\"lazy\" decoding=\"async\" width=\"300\" height=\"300\" src=\"https:\/\/elicrombrasil.com\/wp-content\/uploads\/2026\/03\/54498-0-300x300.png\" class=\"attachment-medium size-medium wp-post-image\" alt=\"\" srcset=\"https:\/\/elicrombrasil.com\/wp-content\/uploads\/2026\/03\/54498-0-300x300.png 300w, https:\/\/elicrombrasil.com\/wp-content\/uploads\/2026\/03\/54498-0-150x150.png 150w, https:\/\/elicrombrasil.com\/wp-content\/uploads\/2026\/03\/54498-0-768x768.png 768w, https:\/\/elicrombrasil.com\/wp-content\/uploads\/2026\/03\/54498-0-600x600.png 600w, https:\/\/elicrombrasil.com\/wp-content\/uploads\/2026\/03\/54498-0-100x100.png 100w, https:\/\/elicrombrasil.com\/wp-content\/uploads\/2026\/03\/54498-0.png 800w\" sizes=\"auto, (max-width: 300px) 100vw, 300px\" \/>\r\n<\/a>\r\n\r\n<a href=\"https:\/\/elicrombrasil.com\/?product=54498\" class=\"producto-precio\"><span class=\"electro-price\"><span class=\"woocs_price_code\" data-currency=\"\" data-redraw-id=\"6a07470d6a87f\"  data-product-id=\"82457\"><span class=\"woocommerce-Price-amount amount\"><bdi><span class=\"woocommerce-Price-currencySymbol\">&#82;&#36;<\/span>&nbsp;215.22<\/bdi><\/span><\/span><\/span><\/a>\r\n\r\n<a href=\"?add-to-cart=82457\" \r\nclass=\"button add_to_cart_button ajax_add_to_cart\"\r\ndata-product_id=\"82457\"\r\ndata-quantity=\"1\">\r\nA\u00f1adir al carrito\r\n<\/a>\r\n\r\n<\/div>\r\n<\/td>\n<td>\r\n<div class=\"card-catalogo\">\r\n\r\n<a href=\"https:\/\/elicrombrasil.com\/?product=12475\" class=\"producto-nombre\">TH0510<\/a>\r\n\r\n<a href=\"https:\/\/elicrombrasil.com\/?product=12475\" class=\"producto-imagen\">\r\n<img loading=\"lazy\" decoding=\"async\" width=\"300\" height=\"300\" src=\"https:\/\/elicrombrasil.com\/wp-content\/uploads\/2026\/03\/12475-0-300x300.jpeg\" class=\"attachment-medium size-medium wp-post-image\" alt=\"\" srcset=\"https:\/\/elicrombrasil.com\/wp-content\/uploads\/2026\/03\/12475-0-300x300.jpeg 300w, https:\/\/elicrombrasil.com\/wp-content\/uploads\/2026\/03\/12475-0-150x150.jpeg 150w, https:\/\/elicrombrasil.com\/wp-content\/uploads\/2026\/03\/12475-0-768x768.jpeg 768w, https:\/\/elicrombrasil.com\/wp-content\/uploads\/2026\/03\/12475-0-600x600.jpeg 600w, https:\/\/elicrombrasil.com\/wp-content\/uploads\/2026\/03\/12475-0-100x100.jpeg 100w, https:\/\/elicrombrasil.com\/wp-content\/uploads\/2026\/03\/12475-0.jpeg 800w\" sizes=\"auto, (max-width: 300px) 100vw, 300px\" \/>\r\n<\/a>\r\n\r\n<a href=\"https:\/\/elicrombrasil.com\/?product=12475\" class=\"producto-precio\"><span class=\"electro-price\"><span class=\"woocs_price_code\" data-currency=\"\" data-redraw-id=\"6a07470d6ba24\"  data-product-id=\"82459\"><span class=\"woocommerce-Price-amount amount\"><bdi><span class=\"woocommerce-Price-currencySymbol\">&#82;&#36;<\/span>&nbsp;257.83<\/bdi><\/span><\/span><\/span><\/a>\r\n\r\n<a href=\"?add-to-cart=82459\" \r\nclass=\"button add_to_cart_button ajax_add_to_cart\"\r\ndata-product_id=\"82459\"\r\ndata-quantity=\"1\">\r\nA\u00f1adir al carrito\r\n<\/a>\r\n\r\n<\/div>\r\n<\/td>\n<td>\r\n<div class=\"card-catalogo\">\r\n\r\n<a href=\"https:\/\/elicrombrasil.com\/?product=59347\" class=\"producto-nombre\">TP350<\/a>\r\n\r\n<a href=\"https:\/\/elicrombrasil.com\/?product=59347\" class=\"producto-imagen\">\r\n<img loading=\"lazy\" decoding=\"async\" width=\"300\" height=\"300\" src=\"https:\/\/elicrombrasil.com\/wp-content\/uploads\/2026\/03\/59347-0-300x300.png\" class=\"attachment-medium size-medium wp-post-image\" alt=\"\" srcset=\"https:\/\/elicrombrasil.com\/wp-content\/uploads\/2026\/03\/59347-0-300x300.png 300w, https:\/\/elicrombrasil.com\/wp-content\/uploads\/2026\/03\/59347-0-150x150.png 150w, https:\/\/elicrombrasil.com\/wp-content\/uploads\/2026\/03\/59347-0-768x768.png 768w, https:\/\/elicrombrasil.com\/wp-content\/uploads\/2026\/03\/59347-0-600x600.png 600w, https:\/\/elicrombrasil.com\/wp-content\/uploads\/2026\/03\/59347-0-100x100.png 100w, https:\/\/elicrombrasil.com\/wp-content\/uploads\/2026\/03\/59347-0.png 800w\" sizes=\"auto, (max-width: 300px) 100vw, 300px\" \/>\r\n<\/a>\r\n\r\n<a href=\"https:\/\/elicrombrasil.com\/?product=59347\" class=\"producto-precio\"><span class=\"electro-price\"><span class=\"woocs_price_code\" data-currency=\"\" data-redraw-id=\"6a07470d6ca73\"  data-product-id=\"82461\"><span class=\"woocommerce-Price-amount amount\"><bdi><span class=\"woocommerce-Price-currencySymbol\">&#82;&#36;<\/span>&nbsp;257.83<\/bdi><\/span><\/span><\/span><\/a>\r\n\r\n<a href=\"?add-to-cart=82461\" \r\nclass=\"button add_to_cart_button ajax_add_to_cart\"\r\ndata-product_id=\"82461\"\r\ndata-quantity=\"1\">\r\nA\u00f1adir al carrito\r\n<\/a>\r\n\r\n<\/div>\r\n<\/td>\n<\/tr>\n<\/tbody>\n<\/table>\n<table style=\"width: 100%;\" border=\"1\">\n<tbody>\n<tr style=\"background: #419fd2;\">\n<th><\/th>\n<th style=\"text-align: center;\"><strong><span style=\"color: #ffffff; text-align: center; font-size: 18px;\">TH0513<\/span><\/strong><\/th>\n<th style=\"text-align: center;\"><strong><span style=\"color: #ffffff; text-align: center; font-size: 18px;\">TH0511<\/span><\/strong><\/th>\n<th style=\"text-align: center;\"><strong><span style=\"color: #ffffff; text-align: center; font-size: 18px;\">TP50<br \/>\n<span style=\"font-size: 10px; text-align: center;\">Uso profesional &#8211; Alta precisi\u00f3n<\/span><\/span><\/strong><\/th>\n<th style=\"text-align: center;\"><strong><span style=\"color: #ffffff; text-align: center; font-size: 18px;\">TH0510<br \/>\n<span style=\"font-size: 10px; text-align: center;\">Robusto, garant\u00eda 2 a\u00f1os<\/span><\/span><\/strong><\/th>\n<th style=\"text-align: center;\"><strong><span style=\"color: #ffffff; text-align: center; font-size: 18px;\">TP350<br \/>\n<span style=\"font-size: 10px; text-align: center;\">Uso profesional &#8211; Bluetooth<\/span><\/span><\/strong><\/th>\n<\/tr>\n<tr>\n<td style=\"background: #e2f6ff;\"><strong>PVP equipamento<\/strong><\/td>\n<td style=\"text-align: center;color:#0f0f91\"><strong><a href=\"https:\/\/elicrombrasil.com\/?product=54072\"><u><span class=\"electro-price\"><span class=\"woocs_price_code\" data-currency=\"\" data-redraw-id=\"6a07470d6d367\"  data-product-id=\"82453\"><span class=\"woocommerce-Price-amount amount\"><bdi><span class=\"woocommerce-Price-currencySymbol\">&#82;&#36;<\/span>&nbsp;180.26<\/bdi><\/span><\/span><\/span><\/u><\/a><\/strong><\/td>\n<td style=\"text-align: center;color:#0f0f91\"><strong><a href=\"https:\/\/elicrombrasil.com\/?product=27414\"><u><span class=\"electro-price\"><span class=\"woocs_price_code\" data-currency=\"\" data-redraw-id=\"6a07470d6d7f3\"  data-product-id=\"82455\"><span class=\"woocommerce-Price-amount amount\"><bdi><span class=\"woocommerce-Price-currencySymbol\">&#82;&#36;<\/span>&nbsp;206.48<\/bdi><\/span><\/span><\/span><\/u><\/a><\/strong><\/td>\n<td style=\"text-align: center;color:#0f0f91\"><strong><a href=\"https:\/\/elicrombrasil.com\/?product=54498\"><u><span class=\"electro-price\"><span class=\"woocs_price_code\" data-currency=\"\" data-redraw-id=\"6a07470d6dcb0\"  data-product-id=\"82457\"><span class=\"woocommerce-Price-amount amount\"><bdi><span class=\"woocommerce-Price-currencySymbol\">&#82;&#36;<\/span>&nbsp;215.22<\/bdi><\/span><\/span><\/span><\/u><\/a><\/strong><\/td>\n<td style=\"text-align: center;color:#0f0f91\"><strong><a href=\"https:\/\/elicrombrasil.com\/?product=12475\"><u><span class=\"electro-price\"><span class=\"woocs_price_code\" data-currency=\"\" data-redraw-id=\"6a07470d6e142\"  data-product-id=\"82459\"><span class=\"woocommerce-Price-amount amount\"><bdi><span class=\"woocommerce-Price-currencySymbol\">&#82;&#36;<\/span>&nbsp;257.83<\/bdi><\/span><\/span><\/span><\/u><\/a><\/strong><\/td>\n<td style=\"text-align: center;color:#0f0f91\"><strong><a href=\"https:\/\/elicrombrasil.com\/?product=59347\"><u><span class=\"electro-price\"><span class=\"woocs_price_code\" data-currency=\"\" data-redraw-id=\"6a07470d6e5c8\"  data-product-id=\"82461\"><span class=\"woocommerce-Price-amount amount\"><bdi><span class=\"woocommerce-Price-currencySymbol\">&#82;&#36;<\/span>&nbsp;257.83<\/bdi><\/span><\/span><\/span><\/u><\/a><\/strong><\/td>\n<\/tr>\n<tr>\n<td style=\"background: #e2f6ff;\"><strong>Faixa de umidade<\/strong><\/td>\n<td style=\"text-align: center;\">10%RH~90%RH<\/td>\n<td style=\"text-align: center;\">20%RH~90%RH<\/td>\n<td style=\"text-align: center;\">10%RH~99%RH<\/td>\n<td style=\"text-align: center;\">20%RH~99%RH<\/td>\n<td style=\"text-align: center;\">10%RH~99%RH<\/td>\n<\/tr>\n<tr>\n<td style=\"background: #e2f6ff;\"><strong>Garantia Calibrado ISO 17025<\/strong><\/td>\n<td style=\"text-align: center;\">DE POR VIDA<br \/>\n<span style=\"font-size: 10px; text-align: center;\">(recalibrando a cada 12 meses))<\/span><\/td>\n<td style=\"text-align: center;\">DE POR VIDA<br \/>\n<span style=\"font-size: 10px; text-align: center;\">(recalibrando a cada 12 meses)<\/span><\/td>\n<td style=\"text-align: center;\">DE POR VIDA<br \/>\n<span style=\"font-size: 10px; text-align: center;\">(recalibrando a cada 12 meses)<\/span><\/td>\n<td style=\"text-align: center;\">DE POR VIDA<br \/>\n<span style=\"font-size: 10px; text-align: center;\">(recalibrando a cada 24 meses)<\/span><\/td>\n<td style=\"text-align: center;\">DE POR VIDA<br \/>\n<span style=\"font-size: 10px; text-align: center;\">(recalibrando a cada 12 meses)<\/span><\/td>\n<\/tr>\n<tr>\n<td style=\"background: #e2f6ff;\"><strong>Faixa de temperatura interna<\/strong><\/td>\n<td style=\"text-align: center;\">-20\u00b0C a +50\u00b0C<\/td>\n<td style=\"text-align: center;\">-10\u00b0C a +50\u00b0C<\/td>\n<td style=\"text-align: center;\">-50\u00b0C a +70\u00b0C<\/td>\n<td style=\"text-align: center;\">0\u00b0C a +50\u00b0C<\/td>\n<td style=\"text-align: center;\">-20\u00b0C a +60\u00b0C<\/td>\n<\/tr>\n<tr>\n<td style=\"background: #e2f6ff;\"><strong> Faixa de temperatura da sonda externa <\/strong><\/td>\n<td style=\"text-align: center;\"><\/td>\n<td style=\"text-align: center;\">-50\u00b0C a +70\u00b0C<\/td>\n<td style=\"text-align: center;\"><\/td>\n<td style=\"text-align: center;\">-50\u00b0C a +70\u00b0C<\/td>\n<td style=\"text-align: center;\"><\/td>\n<\/tr>\n<tr>\n<td style=\"background: #e2f6ff;\"><strong> Resolu\u00e7\u00e3o <\/strong><\/td>\n<td style=\"text-align: center;\">0,1\u00b0C \/ 0,1%HR<\/td>\n<td style=\"text-align: center;\">0,1\u00b0C \/ 0,1%HR<\/td>\n<td style=\"text-align: center;\">0,1\u00b0C \/ 0,1%HR<\/td>\n<td style=\"text-align: center;\">0,1\u00b0C \/ 0,1%HR<\/td>\n<td style=\"text-align: center;\">0,1\u00b0C \/ 0,1%HR<\/td>\n<\/tr>\n<tr>\n<td style=\"background: #e2f6ff;\"><strong> Precis\u00e3o <\/strong><\/td>\n<td style=\"text-align: center;\">(+\/-)2\u00b0C \/ (+\/-)8%HR<\/td>\n<td style=\"text-align: center;\">(+\/-)1\u00b0C \/ (+\/-)5%HR<\/td>\n<td style=\"text-align: center;\">(+\/-)1\u00b0C \/ (+\/-)3%HR<\/td>\n<td style=\"text-align: center;\">(+\/-)1\u00b0C \/ (+\/-)5%HR<\/td>\n<td style=\"text-align: center;\">(+\/-)0,4\u00b0C \/ (+\/-)2%HR<\/td>\n<\/tr>\n<tr>\n<td style=\"background: #e2f6ff;\"><strong> Sonda externa <\/strong><\/td>\n<td style=\"text-align: center;\"><\/td>\n<td style=\"text-align: center;\"><img loading=\"lazy\" decoding=\"async\" class=\"alignnone wp-image-143605\" style=\"display: inline;\" src=\"https:\/\/elicrom.com\/wp-content\/uploads\/2026\/03\/checkverde-300x200.png\" alt=\"\" width=\"53\" height=\"35\" \/><\/td>\n<td style=\"text-align: center;\"><\/td>\n<td style=\"text-align: center;\"><img loading=\"lazy\" decoding=\"async\" class=\"alignnone wp-image-143605\" style=\"display: inline;\" src=\"https:\/\/elicrom.com\/wp-content\/uploads\/2026\/03\/checkverde-300x200.png\" alt=\"\" width=\"53\" height=\"35\" \/><\/td>\n<td style=\"text-align: center;\"><\/td>\n<\/tr>\n<tr>\n<td style=\"background: #e2f6ff;\"><strong> Rel\u00f3gio incorporado <\/strong><\/td>\n<td style=\"text-align: center;\"><\/td>\n<td style=\"text-align: center;\"><img loading=\"lazy\" decoding=\"async\" class=\"alignnone wp-image-143605\" style=\"display: inline;\" src=\"https:\/\/elicrom.com\/wp-content\/uploads\/2026\/03\/checkverde-300x200.png\" alt=\"\" width=\"53\" height=\"35\" \/><\/td>\n<td style=\"text-align: center;\"><\/td>\n<td style=\"text-align: center;\"><\/td>\n<td style=\"text-align: center;\"><\/td>\n<\/tr>\n<tr>\n<td style=\"background: #e2f6ff;\"><strong> Tamanho <\/strong><\/td>\n<td style=\"text-align: center;\">100,3&#215;110,4mm<\/td>\n<td style=\"text-align: center;\">97,9x109mm<\/td>\n<td style=\"text-align: center;\">66x79mm<\/td>\n<td style=\"text-align: center;\">100,2&#215;104,4mm<\/td>\n<td style=\"text-align: center;\">66x79mm<\/td>\n<\/tr>\n<tr>\n<td style=\"background: #e2f6ff;\"><strong> Bluetooth<\/strong><\/td>\n<td style=\"text-align: center;\"><\/td>\n<td style=\"text-align: center;\"><\/td>\n<td style=\"text-align: center;\"><\/td>\n<td style=\"text-align: center;\"><\/td>\n<td style=\"text-align: center;\"><img loading=\"lazy\" decoding=\"async\" class=\"alignnone wp-image-143605\" style=\"display: inline;\" src=\"https:\/\/elicrom.com\/wp-content\/uploads\/2026\/03\/checkverde-300x200.png\" alt=\"\" width=\"53\" height=\"35\" \/><br \/>\nhasta 80mts<\/td>\n<\/tr>\n<\/tbody>\n<\/table>\n\n\t\t<\/div>\n\t<\/div>\n<\/div><\/div><\/div><\/div><div class=\"vc_row wpb_row vc_row-fluid\"><div class=\"wpb_column vc_column_container vc_col-sm-12\"><div class=\"vc_column-inner\"><div class=\"wpb_wrapper\">\n\t<div class=\"wpb_raw_code wpb_raw_js\" >\n\t\t<div class=\"wpb_wrapper\">\n\t\t\t<script>\njQuery(function($){\n\n    \/\/ abrir men\u00fa principal\n    $('.departments-menu-v2 > .dropdown')\n        .addClass('open')\n        .children('.dropdown-menu')\n        .addClass('show');\n\n    \/\/ CLAVE: eliminar display:none inline\n    $('.departments-menu-v2 .sub-menu').removeAttr('style');\n\n});\n<\/script>\n\t\t<\/div>\n\t<\/div>\n<\/div><\/div><\/div><\/div>\n","protected":false},"excerpt":{"rendered":"TEMPERATURA E HUMIDADE Termohigr\u00f4metros certificados pela ISO 17025, acreditados pelo Servi\u00e7o de Acredita\u00e7\u00e3o Equatoriano SAE e pela A2LA dos Estados Unidos da Am\u00e9rica, calibrados nos pontos: Umidade Relativa (30 %hr,","protected":false},"author":3,"featured_media":0,"parent":0,"menu_order":0,"comment_status":"closed","ping_status":"closed","template":"template-page-sidebar-left.php","meta":{"_acf_changed":false,"om_disable_all_campaigns":false,"_monsterinsights_skip_tracking":false,"_monsterinsights_sitenote_active":false,"_monsterinsights_sitenote_note":"","_monsterinsights_sitenote_category":0,"footnotes":""},"class_list":["post-82272","page","type-page","status-publish","hentry"],"acf":[],"aioseo_notices":[],"_links":{"self":[{"href":"https:\/\/elicrombrasil.com\/index.php?rest_route=\/wp\/v2\/pages\/82272","targetHints":{"allow":["GET"]}}],"collection":[{"href":"https:\/\/elicrombrasil.com\/index.php?rest_route=\/wp\/v2\/pages"}],"about":[{"href":"https:\/\/elicrombrasil.com\/index.php?rest_route=\/wp\/v2\/types\/page"}],"author":[{"embeddable":true,"href":"https:\/\/elicrombrasil.com\/index.php?rest_route=\/wp\/v2\/users\/3"}],"replies":[{"embeddable":true,"href":"https:\/\/elicrombrasil.com\/index.php?rest_route=%2Fwp%2Fv2%2Fcomments&post=82272"}],"version-history":[{"count":8,"href":"https:\/\/elicrombrasil.com\/index.php?rest_route=\/wp\/v2\/pages\/82272\/revisions"}],"predecessor-version":[{"id":82706,"href":"https:\/\/elicrombrasil.com\/index.php?rest_route=\/wp\/v2\/pages\/82272\/revisions\/82706"}],"wp:attachment":[{"href":"https:\/\/elicrombrasil.com\/index.php?rest_route=%2Fwp%2Fv2%2Fmedia&parent=82272"}],"curies":[{"name":"wp","href":"https:\/\/api.w.org\/{rel}","templated":true}]}}